{"id":589,"date":"2018-05-24T20:36:31","date_gmt":"2018-05-24T18:36:31","guid":{"rendered":"http:\/\/cappella-aquensis.de\/?page_id=589"},"modified":"2025-10-04T18:14:39","modified_gmt":"2025-10-04T16:14:39","slug":"datenschutzerklaerung","status":"publish","type":"page","link":"https:\/\/cappella-aquensis.de\/gb\/datenschutzerklaerung\/","title":{"rendered":"Datenschutzerkl\u00e4rung"},"content":{"rendered":"<h2 class=\"western\">Datenschutz<\/h2>\n<p>Die Betreiber dieser Seiten nehmen den Schutz Ihrer personenbezogenen Daten sehr ernst. Wir behandeln Ihre personenbezogenen Daten vertraulich und entsprechend der gesetzlichen Datenschutzvorschriften sowie dieser Datenschutzerkl\u00e4rung.<\/p>\n<p>Die Nutzung unserer Website ist in der Regel ohne Angabe personenbezogener Daten m\u00f6glich. Personenbezogene Daten sind Einzelangaben \u00fcber sachliche oder pers\u00f6nliche Verh\u00e4ltnisse einer bestimmten Person, wie z. B. Name, Anschrift, Telefonnummer, etc. Soweit Sie uns personenbezogene Daten freiwillig zur Verf\u00fcgung gestellt haben, erheben, speichern und nutzen wir diese nur zur Beantwortung Ihrer Anfragen und f\u00fcr die technische Administration. Diese Daten werden ohne Ihre ausdr\u00fcckliche Zustimmung nicht an Dritte weitergegeben.<\/p>\n<p>Wir weisen ausdr\u00fccklich darauf hin, dass die Daten\u00fcbertragung im Internet (z.B. bei der Kommunikation per E-Mail) Sicherheitsl\u00fccken aufweisen und nicht l\u00fcckenlos vor dem Angriff durch Dritte gesch\u00fctzt werden kann.<\/p>\n<h2 class=\"western\">Cookies<\/h2>\n<p>Die Internetseiten verwenden teilweise so genannte Cookies. Cookies richten auf Ihrem Rechner keinen Schaden an und enthalten keine Viren. Cookies dienen dazu, unser Angebot nutzerfreundlicher, effektiver und sicherer zu machen. Cookies sind kleine Textdateien, die auf Ihrem Rechner abgelegt werden und die Ihr Browser speichert.<\/p>\n<p>Die meisten der von uns verwendeten Cookies sind so genannte \u201eSession-Cookies\u201c. Sie werden nach Ende Ihres Besuchs automatisch gel\u00f6scht. Andere Cookies bleiben auf Ihrem Endger\u00e4t gespeichert, bis Sie diese l\u00f6schen. Diese Cookies erm\u00f6glichen es uns, Ihren Browser beim n\u00e4chsten Besuch wiederzuerkennen.<\/p>\n<p>Sie k\u00f6nnen Ihren Browser so einstellen, dass Sie \u00fcber das Setzen von Cookies informiert werden und Cookies nur im Einzelfall erlauben, die Annahme von Cookies f\u00fcr bestimmte F\u00e4lle oder generell ausschlie\u00dfen sowie das automatische L\u00f6schen der Cookies beim Schlie\u00dfen des Browser aktivieren. Bei der Deaktivierung von Cookies kann die Funktionalit\u00e4t dieser Website eingeschr\u00e4nkt sein.<\/p>\n<h2 class=\"western\">Server-Log-Files<\/h2>\n<p>Der Provider der Seiten erhebt und speichert automatisch Informationen in so genannten Server-Log-Files, die Ihr Browser automatisch an uns \u00fcbermittelt. Dies sind:<\/p>\n<ul>\n<li>Browsertyp und Browserversion<\/li>\n<li>verwendetes Betriebssystem<\/li>\n<li>Referrer URL<\/li>\n<li>Hostname des zugreifenden Rechners<\/li>\n<li>Uhrzeit der Serveranfrage<\/li>\n<\/ul>\n<p>Diese Daten sind nicht bestimmten Personen zuordenbar. Eine Zusammenf\u00fchrung dieser Daten mit anderen Datenquellen wird nicht vorgenommen. Wir behalten uns vor, diese Daten nachtr\u00e4glich zu pr\u00fcfen, wenn uns konkrete Anhaltspunkte f\u00fcr eine rechtswidrige Nutzung bekannt werden.<\/p>\n<h2 class=\"western\">Kontaktformular<\/h2>\n<p>Wenn Sie uns per Kontaktformular Anfragen zukommen lassen, werden Ihre Angaben aus dem Anfrageformular inklusive der von Ihnen dort angegebenen Kontaktdaten zwecks Bearbeitung der Anfrage und f\u00fcr den Fall von Anschlussfragen bei uns gespeichert. Diese Daten geben wir nicht ohne Ihre Einwilligung weiter.<\/p>\n<h2 class=\"western\">Sicherheitshinweis<\/h2>\n<p>Bei der Kommunikation per E-Mail kann die vollst\u00e4ndige Datensicherheit von uns nicht gew\u00e4hrleistet werden, so dass wir Ihnen bei vertraulichen Informationen den Postweg empfehlen.<\/p>\n<h2 class=\"western\">YouTube<\/h2>\n<p>Unsere Website nutzt Plugins der von Google betriebenen Seite YouTube. Betreiber der Seiten ist die YouTube, LLC, 901 Cherry Ave., San Bruno, CA 94066, USA. Wenn Sie eine unserer mit einem YouTube-Plugin ausgestatteten Seiten besuchen, wird eine Verbindung zu den Servern von YouTube hergestellt. Dabei wird dem Youtube-Server mitgeteilt, welche unserer Seiten Sie besucht haben.<\/p>\n<p>Wenn Sie in Ihrem YouTube-Account eingeloggt sind erm\u00f6glichen Sie YouTube, Ihr Surfverhalten direkt Ihrem pers\u00f6nlichen Profil zuzuordnen. Dies k\u00f6nnen Sie verhindern, indem Sie sich aus Ihrem YouTube-Account ausloggen.<\/p>\n<p>Weitere Informationen zum Umgang von Nutzerdaten finden Sie in der Datenschutzerkl\u00e4rung von YouTube unter:<span style=\"color: #0000ff;\"><u><a class=\"western\" href=\"https:\/\/www.google.de\/intl\/de\/policies\/privacy\">https:\/\/www.google.de\/intl\/de\/policies\/privacy<\/a><\/u><\/span><\/p>\n<h2 class=\"western\">Recht auf Auskunft, L\u00f6schung, Sperrung<\/h2>\n<p><a name=\"_GoBack\"><\/a>Sie haben ein Recht auf unentgeltliche Auskunft \u00fcber Ihre gespeicherten personenbezogenen Daten sowie ggf. ein Recht auf Berichtigung, Sperrung oder L\u00f6schung dieser Daten. BeiFragen zur Erhebung, Verarbeitung oder Nutzung der personenbezogenen Daten kontaktieren Sie uns bitte unter der im Impressum angegebenen Adresse.<\/p>\n<p align=\"right\">Quelle: <span style=\"color: #0000ff;\"><u><a class=\"western\" href=\"https:\/\/www.e-recht24.de\/\">e-recht24.de<\/a><\/u><\/span><\/p>\n<h2 class=\"western\">Cappella Aquensis e.V.<\/h2>\n<p>c\/o <span style=\"font-size: revert;\">Georg Schmitz<\/span><\/p>\n<p><span style=\"font-size: revert;\">Ceresstraat 5<\/span><\/p>\n<div class=\"vcard\">\n<p><span class=\"zip\">NL 6291 XM Vaals<\/span><\/p>\n<p>Tel. (privat): +31 43 3062284<\/p>\n<\/div>\n<p><span style=\"color: #0000ff;\"><u><a class=\"western\" href=\"http:\/\/www.cappella-aquensis.de\/\">www.cappella-aquensis.de<\/a><\/u><\/span>; vorstand@cappella-aquensis.de<\/p>\n","protected":false},"excerpt":{"rendered":"<p>Datenschutz Die Betreiber dieser Seiten nehmen den Schutz Ihrer personenbezogenen Daten sehr ernst. Wir behandeln Ihre personenbezogenen Daten vertraulich und entsprechend der gesetzlichen Datenschutzvorschriften sowie dieser Datenschutzerkl\u00e4rung. Die Nutzung unserer Website ist in der Regel ohne Angabe personenbezogener Daten m\u00f6glich. Personenbezogene Daten sind Einzelangaben \u00fcber sachliche oder pers\u00f6nliche Verh\u00e4ltnisse einer bestimmten Person, wie z. B. &hellip; <\/p>\n<p class=\"link-more\"><a href=\"https:\/\/cappella-aquensis.de\/gb\/datenschutzerklaerung\/\" class=\"more-link\">Continue reading<span class=\"screen-reader-text\"> &#8220;Datenschutzerkl\u00e4rung&#8221;<\/span><\/a><\/p>\n","protected":false},"author":1,"featured_media":0,"parent":0,"menu_order":0,"comment_status":"closed","ping_status":"closed","template":"","meta":{"h5ap_radio_sources":[],"footnotes":""},"class_list":["post-589","page","type-page","status-publish","hentry"],"translation":{"provider":"WPGlobus","version":"3.0.2","language":"gb","enabled_languages":["de","gb"],"languages":{"de":{"title":true,"content":true,"excerpt":false},"gb":{"title":false,"content":false,"excerpt":false}}},"publishpress_future_action":{"enabled":false,"date":"2026-04-24 12:05:08","action":"change-status","newStatus":"draft","terms":[],"taxonomy":"","extraData":[]},"publishpress_future_workflow_manual_trigger":{"enabledWorkflows":[]},"_links":{"self":[{"href":"https:\/\/cappella-aquensis.de\/gb\/wp-json\/wp\/v2\/pages\/589","targetHints":{"allow":["GET"]}}],"collection":[{"href":"https:\/\/cappella-aquensis.de\/gb\/wp-json\/wp\/v2\/pages"}],"about":[{"href":"https:\/\/cappella-aquensis.de\/gb\/wp-json\/wp\/v2\/types\/page"}],"author":[{"embeddable":true,"href":"https:\/\/cappella-aquensis.de\/gb\/wp-json\/wp\/v2\/users\/1"}],"replies":[{"embeddable":true,"href":"https:\/\/cappella-aquensis.de\/gb\/wp-json\/wp\/v2\/comments?post=589"}],"version-history":[{"count":2,"href":"https:\/\/cappella-aquensis.de\/gb\/wp-json\/wp\/v2\/pages\/589\/revisions"}],"predecessor-version":[{"id":2040,"href":"https:\/\/cappella-aquensis.de\/gb\/wp-json\/wp\/v2\/pages\/589\/revisions\/2040"}],"wp:attachment":[{"href":"https:\/\/cappella-aquensis.de\/gb\/wp-json\/wp\/v2\/media?parent=589"}],"curies":[{"name":"wp","href":"https:\/\/api.w.org\/{rel}","templated":true}]}}